{"id":16,"date":"2024-02-28T15:39:07","date_gmt":"2024-02-28T14:39:07","guid":{"rendered":"http:\/\/innerten.be\/?page_id=16"},"modified":"2024-02-28T17:57:17","modified_gmt":"2024-02-28T16:57:17","slug":"mission","status":"publish","type":"page","link":"https:\/\/innerten.be\/index.php\/mission\/","title":{"rendered":"Mission"},"content":{"rendered":"\n<p class=\"has-text-align-center\"><strong>D\u00e9couvrir et connecter des connaissances pour amorcer une (R)\u00e9volution<\/strong><\/p>\n\n\n\n<div class=\"wp-block-media-text is-stacked-on-mobile\" style=\"grid-template-columns:71% auto\"><figure class=\"wp-block-media-text__media\"><img loading=\"lazy\" decoding=\"async\" width=\"1024\" height=\"585\" src=\"http:\/\/innerten.be\/wp-content\/uploads\/2024\/02\/images-innerten-mission-1024x585.webp\" alt=\"\" class=\"wp-image-65 size-full\" srcset=\"https:\/\/innerten.be\/wp-content\/uploads\/2024\/02\/images-innerten-mission-1024x585.webp 1024w, https:\/\/innerten.be\/wp-content\/uploads\/2024\/02\/images-innerten-mission-300x171.webp 300w, https:\/\/innerten.be\/wp-content\/uploads\/2024\/02\/images-innerten-mission-768x439.webp 768w, https:\/\/innerten.be\/wp-content\/uploads\/2024\/02\/images-innerten-mission-1536x878.webp 1536w, https:\/\/innerten.be\/wp-content\/uploads\/2024\/02\/images-innerten-mission-105x60.webp 105w, https:\/\/innerten.be\/wp-content\/uploads\/2024\/02\/images-innerten-mission.webp 1792w\" sizes=\"auto, (max-width: 1024px) 100vw, 1024px\" \/><\/figure><div class=\"wp-block-media-text__content\">\n<p>Notre r\u00f4le est essentiellement du conseils et de l\u2019accompagnement dans des projets de digitalisation ou de croissance \/ optimisation d\u2019entreprise.<\/p>\n<\/div><\/div>\n\n\n\n<p class=\"has-text-align-left\" id=\"mission\"><br><strong>Notre expertise et exp\u00e9rience m\u00e9tier<\/strong> nous permet de nous adresser \u00e0 tout type de client en privil\u00e9giant cependant les TPE et PME.<br><br>Notre expertise peut-\u00eatre compl\u00e9t\u00e9e par des <strong>collaborations<\/strong> sur des projets plus complexes.<br><br><strong>Notre objectif<\/strong> est de vous aider \u00e0 y voir plus clair et vous accompagner dans l\u2019\u00e9laboration, la d\u00e9finition, la planification de votre changement.<br><br>En un mot, soyez tranquille, nous nous asseyons dans le si\u00e8ge du copilote\u00a0!<br><br><\/p>\n","protected":false},"excerpt":{"rendered":"<p>D\u00e9couvrir et connecter des connaissances pour amorcer une (R)\u00e9volution Notre r\u00f4le est essentiellement du conseils et de l\u2019accompagnement dans des projets de digitalisation ou de croissance \/ optimisation d\u2019entreprise. Notre expertise et exp\u00e9rience m\u00e9tier nous permet de nous adresser \u00e0 tout type de client en privil\u00e9giant cependant les TPE et PME. Notre expertise peut-\u00eatre compl\u00e9t\u00e9e &hellip; <\/p>\n","protected":false},"author":1,"featured_media":0,"parent":0,"menu_order":0,"comment_status":"closed","ping_status":"closed","template":"","meta":{"footnotes":""},"class_list":["post-16","page","type-page","status-publish","hentry"],"_links":{"self":[{"href":"https:\/\/innerten.be\/index.php\/wp-json\/wp\/v2\/pages\/16","targetHints":{"allow":["GET"]}}],"collection":[{"href":"https:\/\/innerten.be\/index.php\/wp-json\/wp\/v2\/pages"}],"about":[{"href":"https:\/\/innerten.be\/index.php\/wp-json\/wp\/v2\/types\/page"}],"author":[{"embeddable":true,"href":"https:\/\/innerten.be\/index.php\/wp-json\/wp\/v2\/users\/1"}],"replies":[{"embeddable":true,"href":"https:\/\/innerten.be\/index.php\/wp-json\/wp\/v2\/comments?post=16"}],"version-history":[{"count":7,"href":"https:\/\/innerten.be\/index.php\/wp-json\/wp\/v2\/pages\/16\/revisions"}],"predecessor-version":[{"id":107,"href":"https:\/\/innerten.be\/index.php\/wp-json\/wp\/v2\/pages\/16\/revisions\/107"}],"wp:attachment":[{"href":"https:\/\/innerten.be\/index.php\/wp-json\/wp\/v2\/media?parent=16"}],"curies":[{"name":"wp","href":"https:\/\/api.w.org\/{rel}","templated":true}]}}