{"id":19,"date":"2024-02-28T15:39:07","date_gmt":"2024-02-28T14:39:07","guid":{"rendered":"http:\/\/innerten.be\/?page_id=19"},"modified":"2024-02-28T18:04:40","modified_gmt":"2024-02-28T17:04:40","slug":"presentation-de-lexpert","status":"publish","type":"page","link":"https:\/\/innerten.be\/index.php\/presentation-de-lexpert\/","title":{"rendered":"Pr\u00e9sentation de l&#8217;Expert"},"content":{"rendered":"\n<div class=\"wp-block-media-text is-stacked-on-mobile\" style=\"grid-template-columns:58% auto\"><figure class=\"wp-block-media-text__media\"><img loading=\"lazy\" decoding=\"async\" width=\"1024\" height=\"585\" src=\"http:\/\/innerten.be\/wp-content\/uploads\/2024\/02\/image-innerten-expert-IT-presentation-1024x585.webp\" alt=\"\" class=\"wp-image-69 size-full\" srcset=\"https:\/\/innerten.be\/wp-content\/uploads\/2024\/02\/image-innerten-expert-IT-presentation-1024x585.webp 1024w, https:\/\/innerten.be\/wp-content\/uploads\/2024\/02\/image-innerten-expert-IT-presentation-300x171.webp 300w, https:\/\/innerten.be\/wp-content\/uploads\/2024\/02\/image-innerten-expert-IT-presentation-768x439.webp 768w, https:\/\/innerten.be\/wp-content\/uploads\/2024\/02\/image-innerten-expert-IT-presentation-1536x878.webp 1536w, https:\/\/innerten.be\/wp-content\/uploads\/2024\/02\/image-innerten-expert-IT-presentation-105x60.webp 105w, https:\/\/innerten.be\/wp-content\/uploads\/2024\/02\/image-innerten-expert-IT-presentation.webp 1792w\" sizes=\"auto, (max-width: 1024px) 100vw, 1024px\" \/><\/figure><div class=\"wp-block-media-text__content\">\n<p id=\"presentation\">Profil IT avec 20 ans d&#8217;exp\u00e9rience, j&#8217;ai eu l&#8217;opportunit\u00e9 \u00e0 travers mes emplois d&#8217;employ\u00e9 ou de free-lance d&#8217;exp\u00e9riementer presque toutes les positions disponibles dans le monde num\u00e9rique et IT.<\/p>\n\n\n\n<p>J&#8217;ai d\u00e9but\u00e9 ma carri\u00e8re comme analyste d\u00e9veloppeur pour passer par des fonctions d&#8217;analyste, chef de projet IT, et directeur de d\u00e9partement.<\/p>\n\n\n\n<p>Toute cette exp\u00e9rience acquise sur le terrain ali\u00e9e \u00e0 mes comp\u00e9tences IT me permet d&#8217;aider les clients \u00e0 y voir plus clair et \u00e0 les accompagner sereinement, aussi bien sur des probl\u00e9matiques m\u00e9tiers que techniques.<\/p>\n<\/div><\/div>\n\n\n\n<p id=\"presentation\"><br>Profil IT avec 20 ans d&#8217;exp\u00e9rience, j&#8217;ai eu l&#8217;opportunit\u00e9 \u00e0 travers mes emplois d&#8217;employ\u00e9 ou de free-lance d&#8217;exp\u00e9riementer presque toutes les positions disponibles dans le monde num\u00e9rique et IT.<\/p>\n\n\n\n<p>J&#8217;ai d\u00e9but\u00e9 ma carri\u00e8re comme analyste d\u00e9veloppeur pour passer par des fonctions d&#8217;analyste, chef de projet IT, et directeur de d\u00e9partement.<\/p>\n\n\n\n<p>Toute cette exp\u00e9rience acquise sur le terrain ali\u00e9e \u00e0 mes comp\u00e9tences IT me permet d&#8217;aider les clients \u00e0 y voir plus clair et \u00e0 les accompagner sereinement, aussi bien sur des probl\u00e9matiques m\u00e9tiers que techniques.<\/p>\n\n\n\n<p>Avec une forte compr\u00e9hension technique et une abilit\u00e9 \u00e0 synth\u00e9tiser, et \u00e9liciter les besoins, j&#8217;arrive dans les projets IT \u00e0 faire collaborer le m\u00e9tier et les techniciens en adaptant mon discours \u00e0 mon auditoir.<br>Cette casquette de trait d&#8217;union me pla\u00eet particuli\u00e8rement.<\/p>\n\n\n\n<p>A 42 ans, j&#8217;\u00e9prouve beaucoup de plaisir \u00e0 partager mes exp\u00e9riences et continue \u00e0 vouloir apporter des solutions sur des probl\u00e8mes m\u00e9tiers complexes en rendant le discours simple et compr\u00e9hensible, en cadrant les missions, et rendant les r\u00eaves possibles par leur d\u00e9composition en roadmap de projet.<\/p>\n\n\n\n<p>Mes comp\u00e9tences en infrastructures, base de donn\u00e9es, programmation, e-commerce,ERP, gestion et plannification, mais aussi ma curiosit\u00e9 et ma t\u00e9nacti\u00e9 mettent mes clients en confiance.<\/p>\n\n\n\n<p>Confiance et comp\u00e9tence sont pour moi 2 ingr\u00e9dients essentiel au succ\u00e8s des projets.<\/p>\n\n\n\n<p>J\u2019accorde \u00e9norm\u00e9ment d\u2019importance \u00e0 l\u2019apprentissage et la d\u00e9couverte en participant \u00e0 des formations r\u00e9guli\u00e8rement. Le pragmatisme est \u00e9galement important car je suis un profil factuel et concret, j\u2019aime apprendre de nouveaux outils ou techniques mais \u00e9galement les exp\u00e9rimenter afin d\u2019avoir un vrai retour d\u2019exp\u00e9rience et un gain d\u2019efficacit\u00e9 non th\u00e9orique.<\/p>\n","protected":false},"excerpt":{"rendered":"<p>Profil IT avec 20 ans d&#8217;exp\u00e9rience, j&#8217;ai eu l&#8217;opportunit\u00e9 \u00e0 travers mes emplois d&#8217;employ\u00e9 ou de free-lance d&#8217;exp\u00e9riementer presque toutes les positions disponibles dans le monde num\u00e9rique et IT. J&#8217;ai d\u00e9but\u00e9 ma carri\u00e8re comme analyste d\u00e9veloppeur pour passer par des fonctions d&#8217;analyste, chef de projet IT, et directeur de d\u00e9partement. Toute cette exp\u00e9rience acquise sur &hellip; <\/p>\n","protected":false},"author":1,"featured_media":0,"parent":0,"menu_order":0,"comment_status":"closed","ping_status":"closed","template":"","meta":{"footnotes":""},"class_list":["post-19","page","type-page","status-publish","hentry"],"_links":{"self":[{"href":"https:\/\/innerten.be\/index.php\/wp-json\/wp\/v2\/pages\/19","targetHints":{"allow":["GET"]}}],"collection":[{"href":"https:\/\/innerten.be\/index.php\/wp-json\/wp\/v2\/pages"}],"about":[{"href":"https:\/\/innerten.be\/index.php\/wp-json\/wp\/v2\/types\/page"}],"author":[{"embeddable":true,"href":"https:\/\/innerten.be\/index.php\/wp-json\/wp\/v2\/users\/1"}],"replies":[{"embeddable":true,"href":"https:\/\/innerten.be\/index.php\/wp-json\/wp\/v2\/comments?post=19"}],"version-history":[{"count":6,"href":"https:\/\/innerten.be\/index.php\/wp-json\/wp\/v2\/pages\/19\/revisions"}],"predecessor-version":[{"id":120,"href":"https:\/\/innerten.be\/index.php\/wp-json\/wp\/v2\/pages\/19\/revisions\/120"}],"wp:attachment":[{"href":"https:\/\/innerten.be\/index.php\/wp-json\/wp\/v2\/media?parent=19"}],"curies":[{"name":"wp","href":"https:\/\/api.w.org\/{rel}","templated":true}]}}